{"id":9,"date":"2010-04-24T15:50:57","date_gmt":"2010-04-24T15:50:57","guid":{"rendered":"http:\/\/www.bambicosenza.it\/?page_id=9"},"modified":"2022-01-03T21:19:09","modified_gmt":"2022-01-03T21:19:09","slug":"attivita","status":"publish","type":"page","link":"http:\/\/www.bambicosenza.it\/?page_id=9","title":{"rendered":"cosa facciamo"},"content":{"rendered":"<p><em><span style=\"color: #000000;\">Miglioriamo l&#8217;accoglienza\u00a0 e le condizioni di ricovero in ospedale, creando per piccolo paziente un ambiente che sia, il pi\u00f9 possibile, simile alla propria casa, ed un ambiente di svago che lo rassicuri e lo distragga dal suo stato di malattia. Dal 2004, anno della nostra fondazione, i nostri volontari\u00a0 accolgono i bambini in attesa del ricovero; negli ultimi anni abbiamo implementato il servizio con un altro gruppo di volontari che la sera legge ai bambini\u00a0 le favole della buonanotte.\u00a0 Per migliorare il confort alberghiero delle stanze, le abbiamo dotate di frigoriferi, condizionatori e decorazioni alle pareti. Abbiamo anche completamente rinnovato la cucina del reparto che ora \u00e8 pi\u00f9 funzionale e colorata. Cos\u00ec come coloratissime sono tutte le stanze ed il corridoio che \u00e8 diventato un \u2018viale alberato\u2019 con i personaggi delle favole ad accogliere i bambini.\u00a0 Nel corso degli anni abbiamo acquistato attrezzature di vario genere (un&#8217;apperecchiatura easyvein, lettini da medicheria, poltrone reclinabili<\/span><\/em><em><span style=\"color: #000000;\">,\u00a0 una lampada scialitica, un armadio porta farmaci, una lavasciuga e molto molto altro) per fare in modo che l\u2019esperienza in reparto fosse la pi\u00f9 confortevole possibile.\u00a0\u00a0 <\/span><\/em><\/p>\n<p>&nbsp;<\/p>\n<p>&nbsp;<\/p>\n","protected":false},"excerpt":{"rendered":"<p>Miglioriamo l&#8217;accoglienza\u00a0 e le condizioni di ricovero in ospedale, creando per piccolo paziente un ambiente che sia, il pi\u00f9 possibile, simile alla propria casa, ed un ambiente di svago che lo rassicuri e lo distragga dal suo stato di malattia. Dal 2004, anno della nostra fondazione, i nostri volontari\u00a0 accolgono i bambini in attesa del [&hellip;]<\/p>\n","protected":false},"author":1,"featured_media":0,"parent":0,"menu_order":0,"comment_status":"open","ping_status":"open","template":"","meta":{"_et_pb_use_builder":"","_et_pb_old_content":""},"_links":{"self":[{"href":"http:\/\/www.bambicosenza.it\/index.php?rest_route=\/wp\/v2\/pages\/9"}],"collection":[{"href":"http:\/\/www.bambicosenza.it\/index.php?rest_route=\/wp\/v2\/pages"}],"about":[{"href":"http:\/\/www.bambicosenza.it\/index.php?rest_route=\/wp\/v2\/types\/page"}],"author":[{"embeddable":true,"href":"http:\/\/www.bambicosenza.it\/index.php?rest_route=\/wp\/v2\/users\/1"}],"replies":[{"embeddable":true,"href":"http:\/\/www.bambicosenza.it\/index.php?rest_route=%2Fwp%2Fv2%2Fcomments&post=9"}],"version-history":[{"count":14,"href":"http:\/\/www.bambicosenza.it\/index.php?rest_route=\/wp\/v2\/pages\/9\/revisions"}],"predecessor-version":[{"id":1507,"href":"http:\/\/www.bambicosenza.it\/index.php?rest_route=\/wp\/v2\/pages\/9\/revisions\/1507"}],"wp:attachment":[{"href":"http:\/\/www.bambicosenza.it\/index.php?rest_route=%2Fwp%2Fv2%2Fmedia&parent=9"}],"curies":[{"name":"wp","href":"https:\/\/api.w.org\/{rel}","templated":true}]}}